{"id":8,"date":"2022-10-10T18:19:08","date_gmt":"2022-10-10T16:19:08","guid":{"rendered":"http:\/\/avoh.sk\/?page_id=8"},"modified":"2024-06-11T15:13:24","modified_gmt":"2024-06-11T13:13:24","slug":"asociacia-vyrobcov-organickych-hnojiv","status":"publish","type":"page","link":"https:\/\/avoh.sk\/en\/","title":{"rendered":"Asoci\u00e1cia V\u00fdrobcov Organick\u00fdch Hnoj\u00edv"},"content":{"rendered":"","protected":false},"excerpt":{"rendered":"","protected":false},"author":1,"featured_media":0,"parent":0,"menu_order":0,"comment_status":"closed","ping_status":"closed","template":"template-frontpage.php","meta":{"two_page_speed":{"current_score":{"desktop_score":100,"desktop_tti":"0.4\u00a0","mobile_score":99,"mobile_tti":"1.3\u00a0","date":"11.06.2024 03:13:38 pm","status":"completed"}},"footnotes":""},"class_list":["post-8","page","type-page","status-publish","hentry"],"_links":{"self":[{"href":"https:\/\/avoh.sk\/en\/wp-json\/wp\/v2\/pages\/8","targetHints":{"allow":["GET"]}}],"collection":[{"href":"https:\/\/avoh.sk\/en\/wp-json\/wp\/v2\/pages"}],"about":[{"href":"https:\/\/avoh.sk\/en\/wp-json\/wp\/v2\/types\/page"}],"author":[{"embeddable":true,"href":"https:\/\/avoh.sk\/en\/wp-json\/wp\/v2\/users\/1"}],"replies":[{"embeddable":true,"href":"https:\/\/avoh.sk\/en\/wp-json\/wp\/v2\/comments?post=8"}],"version-history":[{"count":5,"href":"https:\/\/avoh.sk\/en\/wp-json\/wp\/v2\/pages\/8\/revisions"}],"predecessor-version":[{"id":375,"href":"https:\/\/avoh.sk\/en\/wp-json\/wp\/v2\/pages\/8\/revisions\/375"}],"wp:attachment":[{"href":"https:\/\/avoh.sk\/en\/wp-json\/wp\/v2\/media?parent=8"}],"curies":[{"name":"wp","href":"https:\/\/api.w.org\/{rel}","templated":true}]}}