{"id":61,"date":"2022-10-11T11:13:07","date_gmt":"2022-10-11T09:13:07","guid":{"rendered":"http:\/\/avoh.sk\/?page_id=61"},"modified":"2022-10-19T09:39:08","modified_gmt":"2022-10-19T07:39:08","slug":"mam-zaujem-o-hnojiva","status":"publish","type":"page","link":"https:\/\/avoh.sk\/en\/mam-zaujem-o-hnojiva\/","title":{"rendered":"INTERESTED IN FERTILIZERS"},"content":{"rendered":"<p class=\"has-black-color has-text-color translation-block\"><strong>For AVOH members who are interested in the supply of organic fertilizers from our members, we offer fertilizers at discounted and stable prices.<\/strong> Based on your request, we will prepare a personalized fertilization plan with organic fertilizers from Slovak producers.<\/p>\n\n\n\n<p><\/p>\n\n\n\n<p class=\"has-black-color has-text-color translation-block\">If you are interested in ordering fertilizers from our members or consulting, send an <strong>Order form<\/strong>, according to which we will send you a tailor-made offer, or contact us at our email address <strong>avohsr@gmail.com<\/strong> or by mail to <strong>OZ AVOH, Koll\u00e1rova 446, Se\u010dovce 078 01, Slovak Republic<\/strong><\/p>\n\n\n\n<hr class=\"wp-block-separator has-text-color has-alpha-channel-opacity has-background is-style-wide\" style=\"background-color:#24e800;color:#24e800\"\/>\n\n\n\n<h3 class=\"has-text-color wp-block-heading\" style=\"color:#24e800\"><strong>ORDER FORM<\/strong><\/h3>\n\n\n\n<div class=\"wp-block-contact-form-7-contact-form-selector\"><p class=\"wpcf7-contact-form-not-found\"><strong>Error:<\/strong> Contact form not found.<\/p><\/div>\n\n\n\n<p class=\"has-black-color has-text-color\"><\/p>\n\n\n\n<figure class=\"wp-block-image size-large\"><img loading=\"lazy\" decoding=\"async\" width=\"1024\" height=\"640\" src=\"http:\/\/avoh.sk\/wp-content\/uploads\/2022\/10\/wp3106251-1024x640.jpg\" alt=\"\" class=\"wp-image-87\" srcset=\"https:\/\/avoh.sk\/wp-content\/uploads\/2022\/10\/wp3106251-1024x640.jpg 1024w, https:\/\/avoh.sk\/wp-content\/uploads\/2022\/10\/wp3106251-300x188.jpg 300w, https:\/\/avoh.sk\/wp-content\/uploads\/2022\/10\/wp3106251-768x480.jpg 768w, https:\/\/avoh.sk\/wp-content\/uploads\/2022\/10\/wp3106251-1536x960.jpg 1536w, https:\/\/avoh.sk\/wp-content\/uploads\/2022\/10\/wp3106251-480x300.jpg 480w, https:\/\/avoh.sk\/wp-content\/uploads\/2022\/10\/wp3106251-640x400.jpg 640w, https:\/\/avoh.sk\/wp-content\/uploads\/2022\/10\/wp3106251.jpg 1920w\" sizes=\"auto, (max-width: 1024px) 100vw, 1024px\" \/><\/figure>","protected":false},"excerpt":{"rendered":"<p>Pre \u010dlenov AVOH, ktor\u00fd maj\u00fa z\u00e1ujem o dod\u00e1vku organick\u00fdch hnoj\u00edv od na\u0161ich \u010dlenov pon\u00fakame hnojiv\u00e1 za zv\u00fdhodnen\u00e9 a stabiln\u00e9 ceny. Na z\u00e1klade V\u00e1\u0161ho dopytu priprav\u00edme personalizovan\u00fd pl\u00e1n hnojenia s organick\u00fdmi &#8230;<\/p>","protected":false},"author":1,"featured_media":0,"parent":0,"menu_order":0,"comment_status":"closed","ping_status":"closed","template":"","meta":{"two_page_speed":[],"footnotes":""},"class_list":["post-61","page","type-page","status-publish","hentry"],"_links":{"self":[{"href":"https:\/\/avoh.sk\/en\/wp-json\/wp\/v2\/pages\/61","targetHints":{"allow":["GET"]}}],"collection":[{"href":"https:\/\/avoh.sk\/en\/wp-json\/wp\/v2\/pages"}],"about":[{"href":"https:\/\/avoh.sk\/en\/wp-json\/wp\/v2\/types\/page"}],"author":[{"embeddable":true,"href":"https:\/\/avoh.sk\/en\/wp-json\/wp\/v2\/users\/1"}],"replies":[{"embeddable":true,"href":"https:\/\/avoh.sk\/en\/wp-json\/wp\/v2\/comments?post=61"}],"version-history":[{"count":15,"href":"https:\/\/avoh.sk\/en\/wp-json\/wp\/v2\/pages\/61\/revisions"}],"predecessor-version":[{"id":228,"href":"https:\/\/avoh.sk\/en\/wp-json\/wp\/v2\/pages\/61\/revisions\/228"}],"wp:attachment":[{"href":"https:\/\/avoh.sk\/en\/wp-json\/wp\/v2\/media?parent=61"}],"curies":[{"name":"wp","href":"https:\/\/api.w.org\/{rel}","templated":true}]}}