{"id":41,"date":"2022-10-10T19:08:55","date_gmt":"2022-10-10T17:08:55","guid":{"rendered":"http:\/\/avoh.sk\/?page_id=41"},"modified":"2022-10-19T07:55:03","modified_gmt":"2022-10-19T05:55:03","slug":"prihlaska","status":"publish","type":"page","link":"https:\/\/avoh.sk\/en\/prihlaska\/","title":{"rendered":"BECOME A MEMBER OF AVOH"},"content":{"rendered":"<h4 class=\"has-black-color has-text-color wp-block-heading\">Conditions for becoming member<\/h4>\n\n\n\n<ul class=\"has-black-color has-text-color wp-block-list\"><li>Any producer of fertilizers and plant protection products \/ natural or legal person \/ who has a registered product or preparation at UKSUP SR and has been issued a certificate for application in organic farming can become a member. Furthermore, any farmer, grower, producer of organic products and also a producer of organic fertilizers only for his own consumption.<\/li><li>Anyone can leave the civil association freely. No one may be forced to become a member of a civil association or to participate in the activities of a civil association.<\/li><li>Membership is created by paying the membership fee determined for the respective year by the decision of the membership council and at the same time approving the member's request by the membership council. In the application for membership, the person applying for membership must agree to the statutes of the association and declare that he has familiarized himself with them.<\/li><li>Membership ceases in particular on the date of delivery of a notification of a member's withdrawal from the civic association, death\/disappearance of a person, or a decision of the membership council to expel a member due to violation of legal or internal regulations of the civic association.<\/li><\/ul>\n\n\n\n<p><\/p>\n\n\n\n<h4 class=\"has-black-color has-text-color wp-block-heading\"><strong>Rights and obligations of members<\/strong><\/h4>\n\n\n\n<ol type=\"1\" class=\"has-black-color has-text-color wp-block-list\"><li>Members of the civic association have the right, in particular: to participate in the meetings of the member council, to participate in the activities of the civic association, to vote and be elected to the bodies and as officials of the civic association, to request information and explanations from all the bodies and officials of the civic association.<\/li><li>The members of the civic association have the obligation, in particular: to pay the membership fee for each relevant calendar year in the amount determined by the decision of the membership council, to comply with the statutes and other decisions made at the membership council with which they were familiar, to actively participate in the activities of the civic association in fulfilling its goals.<\/li><\/ol>\n\n\n\n<p><\/p>\n\n\n\n<p class=\"has-black-color has-text-color\">Download the application from the following link: <a href=\"http:\/\/avoh.sk\/wp-content\/uploads\/2022\/10\/Prihlaska-AVOH.docx\">LINK TO APPLICATION<\/a><\/p>\n\n\n\n<p class=\"has-black-color has-text-color\"><br>After completing the application, send it by e-mail to the address: <strong>avohsr@gmail.com <\/strong>and by post <strong>OZ AVOH, Koll\u00e1rova 446, Se\u010dovce 078 01, Slovensk\u00e1 republika <\/strong><\/p>\n\n\n\n<p><\/p>\n\n\n\n<figure class=\"wp-block-image size-large\"><img loading=\"lazy\" decoding=\"async\" width=\"1024\" height=\"653\" src=\"http:\/\/avoh.sk\/wp-content\/uploads\/2022\/10\/wp6610982-1024x653.jpg\" alt=\"\" class=\"wp-image-80\" srcset=\"https:\/\/avoh.sk\/wp-content\/uploads\/2022\/10\/wp6610982-1024x653.jpg 1024w, https:\/\/avoh.sk\/wp-content\/uploads\/2022\/10\/wp6610982-300x191.jpg 300w, https:\/\/avoh.sk\/wp-content\/uploads\/2022\/10\/wp6610982-768x490.jpg 768w, https:\/\/avoh.sk\/wp-content\/uploads\/2022\/10\/wp6610982.jpg 1332w\" sizes=\"auto, (max-width: 1024px) 100vw, 1024px\" \/><\/figure>","protected":false},"excerpt":{"rendered":"<p>Podmienky vstupu do asoci\u00e1cie \u010clenom sa m\u00f4\u017ee sta\u0165 ka\u017ed\u00fd producent hnoj\u00edv a pr\u00edpravkov na ochranu rastl\u00edn \/ fyzick\u00e1 a pr\u00e1vnick\u00e1 osoba\/, ktor\u00ed m\u00e1 registrovan\u00fd produkt alebo prepar\u00e1t na UKSUP SR &#8230;<\/p>","protected":false},"author":1,"featured_media":0,"parent":0,"menu_order":0,"comment_status":"closed","ping_status":"closed","template":"","meta":{"two_page_speed":[],"footnotes":""},"class_list":["post-41","page","type-page","status-publish","hentry"],"_links":{"self":[{"href":"https:\/\/avoh.sk\/en\/wp-json\/wp\/v2\/pages\/41","targetHints":{"allow":["GET"]}}],"collection":[{"href":"https:\/\/avoh.sk\/en\/wp-json\/wp\/v2\/pages"}],"about":[{"href":"https:\/\/avoh.sk\/en\/wp-json\/wp\/v2\/types\/page"}],"author":[{"embeddable":true,"href":"https:\/\/avoh.sk\/en\/wp-json\/wp\/v2\/users\/1"}],"replies":[{"embeddable":true,"href":"https:\/\/avoh.sk\/en\/wp-json\/wp\/v2\/comments?post=41"}],"version-history":[{"count":7,"href":"https:\/\/avoh.sk\/en\/wp-json\/wp\/v2\/pages\/41\/revisions"}],"predecessor-version":[{"id":200,"href":"https:\/\/avoh.sk\/en\/wp-json\/wp\/v2\/pages\/41\/revisions\/200"}],"wp:attachment":[{"href":"https:\/\/avoh.sk\/en\/wp-json\/wp\/v2\/media?parent=41"}],"curies":[{"name":"wp","href":"https:\/\/api.w.org\/{rel}","templated":true}]}}