{"id":119,"date":"2022-10-17T09:43:59","date_gmt":"2022-10-17T07:43:59","guid":{"rendered":"http:\/\/avoh.sk\/?page_id=119"},"modified":"2026-02-16T17:01:28","modified_gmt":"2026-02-16T16:01:28","slug":"kontaktujte-nas","status":"publish","type":"page","link":"https:\/\/avoh.sk\/en\/kontaktujte-nas\/","title":{"rendered":"CONTACT US"},"content":{"rendered":"<h3 class=\"wp-block-heading has-text-color\" style=\"color:#24e800\">Correspondence address<\/h3>\n\n\n\n<p class=\"has-black-color has-text-color\"><\/p>\n\n\n\n<p class=\"has-black-color has-text-color\"><strong>OZ ASOCI\u00c1CIA V\u00ddROBCOV ORGANICK\u00ddCH HNOJ\u00cdV<\/strong><br><\/p>\n\n\n\n<p class=\"has-text-align-left has-black-color has-text-color\">Koll\u00e1rova 446<br>Se\u010dovce 078 01<br>Slovak Republic<\/p>\n\n\n\n<p class=\"has-text-align-left\"><\/p>\n\n\n\n<p class=\"has-text-align-left\"><a href=\"https:\/\/avoh.sk\/en\/\" data-type=\"URL\" data-id=\"www.avoh.sk\">www.avoh.sk<\/a><br><a href=\"mailto:avohsr@gmail.com\">avohsr@gmail.com<\/a><\/p>\n\n\n\n<figure class=\"wp-block-image size-large\"><img loading=\"lazy\" decoding=\"async\" width=\"1024\" height=\"464\" src=\"https:\/\/avoh.sk\/wp-content\/uploads\/2022\/10\/button-1-1024x464.png\" alt=\"\" class=\"wp-image-166\" srcset=\"https:\/\/avoh.sk\/wp-content\/uploads\/2022\/10\/button-1-1024x464.png 1024w, https:\/\/avoh.sk\/wp-content\/uploads\/2022\/10\/button-1-300x136.png 300w, https:\/\/avoh.sk\/wp-content\/uploads\/2022\/10\/button-1-768x348.png 768w, https:\/\/avoh.sk\/wp-content\/uploads\/2022\/10\/button-1.png 1173w\" sizes=\"auto, (max-width: 1024px) 100vw, 1024px\" \/><\/figure>\n\n\n\n<p><\/p>","protected":false},"excerpt":{"rendered":"<p>Kore\u0161ponden\u010dn\u00e1 adresa OZ ASOCI\u00c1CIA V\u00ddROBCOV ORGANICK\u00ddCH HNOJ\u00cdV Koll\u00e1rova 446Se\u010dovce 078 01Slovensk\u00e1 republika www.avoh.skavohsr@gmail.com<\/p>","protected":false},"author":1,"featured_media":0,"parent":0,"menu_order":0,"comment_status":"closed","ping_status":"closed","template":"","meta":{"two_page_speed":[],"footnotes":""},"class_list":["post-119","page","type-page","status-publish","hentry"],"_links":{"self":[{"href":"https:\/\/avoh.sk\/en\/wp-json\/wp\/v2\/pages\/119","targetHints":{"allow":["GET"]}}],"collection":[{"href":"https:\/\/avoh.sk\/en\/wp-json\/wp\/v2\/pages"}],"about":[{"href":"https:\/\/avoh.sk\/en\/wp-json\/wp\/v2\/types\/page"}],"author":[{"embeddable":true,"href":"https:\/\/avoh.sk\/en\/wp-json\/wp\/v2\/users\/1"}],"replies":[{"embeddable":true,"href":"https:\/\/avoh.sk\/en\/wp-json\/wp\/v2\/comments?post=119"}],"version-history":[{"count":14,"href":"https:\/\/avoh.sk\/en\/wp-json\/wp\/v2\/pages\/119\/revisions"}],"predecessor-version":[{"id":370,"href":"https:\/\/avoh.sk\/en\/wp-json\/wp\/v2\/pages\/119\/revisions\/370"}],"wp:attachment":[{"href":"https:\/\/avoh.sk\/en\/wp-json\/wp\/v2\/media?parent=119"}],"curies":[{"name":"wp","href":"https:\/\/api.w.org\/{rel}","templated":true}]}}