{"id":115,"date":"2022-10-17T09:42:52","date_gmt":"2022-10-17T07:42:52","guid":{"rendered":"http:\/\/avoh.sk\/?page_id=115"},"modified":"2023-01-12T10:43:40","modified_gmt":"2023-01-12T09:43:40","slug":"o-nas","status":"publish","type":"page","link":"https:\/\/avoh.sk\/en\/o-nas\/","title":{"rendered":"ABOUT US"},"content":{"rendered":"<p class=\"has-black-color has-text-color\"><strong>ASSOCIATION OF PRODUCERS OF ORGANIC FERTILIZERS (AVOH) <\/strong>was founded in 2022 with the aim of raising awareness of the need for organic agriculture and creating opportunities for all Slovak producers of organic fertilizers and organic plant protection products.<\/p>\n\n\n\n<p class=\"has-black-color has-text-color\">One of the main tasks of <strong>ASSOCIATION OF PRODUCERS OF ORGANIC FERTILIZERS (AVOH)<\/strong> is the creation of partnerships with ministries and state administration bodies, private entities and similar associations at home and abroad, for the purpose of commercialization, presentation, popularization and exchange of experience. <\/p>\n\n\n\n<p class=\"has-black-color has-text-color\"><strong>AVOH<\/strong> brings together Slovak producers not only of fertilizers but also of protective means for plants as well as farmers interested in organic agriculture. The advantage for members is <strong>stability of prices and delivery<\/strong> of organic fertilizers as well as joint presentation of products on domestic and foreign markets.<\/p>\n\n\n\n<hr class=\"wp-block-separator has-text-color has-alpha-channel-opacity has-background is-style-wide\" style=\"background-color:#20ec00;color:#20ec00\"\/>\n\n\n\n<p class=\"has-black-color has-text-color\"><strong>The main activities and goals of the association are: &nbsp;&nbsp;&nbsp;&nbsp;&nbsp;&nbsp;&nbsp; &nbsp;<\/strong><\/p>\n\n\n\n<div class=\"wp-block-group\"><div class=\"wp-block-group__inner-container is-layout-flow wp-block-group-is-layout-flow\">\n<ul class=\"wp-block-list\">\n<li>1\/&nbsp; zdru\u017eenie a vytvorenie platformy v\u00fdrobcov organick\u00fdch hnoj\u00edv a prostriedkov na ochranu rastl\u00edn na \u00fazem\u00ed SR, ako rovnocenn\u00e9ho partnera pred org\u00e1nmi \u0161t\u00e1tnej spr\u00e1vy;<\/li>\n<\/ul>\n\n\n\n<ul class=\"wp-block-list\">\n<li>2\/ creating partnerships with ministries and state administration bodies, private entities and similar associations at home and abroad, for the purpose of commercialization, presentation, popularization, and exchange of experience and their enforcement during negotiations with state administration bodies;<\/li>\n\n\n\n<li>3\/ cooperation in the field of scientific research, in the creation of new innovative technological procedures and new products in the field of agriculture and environmental protection;<\/li>\n\n\n\n<li>4\/ organizing joint presentations, exhibitions, participating in tenders and public competitions, with the aim of promoting sales and increasing awareness in the field of organic farming;<\/li>\n\n\n\n<li>5\/ active participation and common procedure in the creation of legislative laws and measures, in order to protect the interests of AVOH in the Slovak Republic;<\/li>\n\n\n\n<li>6\/ cooperation with scientific research institutes, laboratories and certification offices at home and abroad.<\/li>\n<\/ul>\n<\/div><\/div>","protected":false},"excerpt":{"rendered":"<p>Asoci\u00e1cia v\u00fdrobcov organick\u00fdch hnoj\u00edv (AVOH) bola zalo\u017een\u00e1 v roku 2022 s cie\u013eom zv\u00fd\u0161i\u0165 povedomie o potrebe organick\u00e9ho po\u013enohospod\u00e1rstva a vytvori\u0165 pr\u00edle\u017eitosti pre v\u0161etk\u00fdch slovensk\u00fdch v\u00fdrobcov organick\u00fdch hnoj\u00edv a organick\u00fdch prostriedkov &#8230;<\/p>","protected":false},"author":1,"featured_media":0,"parent":0,"menu_order":0,"comment_status":"closed","ping_status":"closed","template":"","meta":{"two_page_speed":[],"footnotes":""},"class_list":["post-115","page","type-page","status-publish","hentry"],"_links":{"self":[{"href":"https:\/\/avoh.sk\/en\/wp-json\/wp\/v2\/pages\/115","targetHints":{"allow":["GET"]}}],"collection":[{"href":"https:\/\/avoh.sk\/en\/wp-json\/wp\/v2\/pages"}],"about":[{"href":"https:\/\/avoh.sk\/en\/wp-json\/wp\/v2\/types\/page"}],"author":[{"embeddable":true,"href":"https:\/\/avoh.sk\/en\/wp-json\/wp\/v2\/users\/1"}],"replies":[{"embeddable":true,"href":"https:\/\/avoh.sk\/en\/wp-json\/wp\/v2\/comments?post=115"}],"version-history":[{"count":7,"href":"https:\/\/avoh.sk\/en\/wp-json\/wp\/v2\/pages\/115\/revisions"}],"predecessor-version":[{"id":249,"href":"https:\/\/avoh.sk\/en\/wp-json\/wp\/v2\/pages\/115\/revisions\/249"}],"wp:attachment":[{"href":"https:\/\/avoh.sk\/en\/wp-json\/wp\/v2\/media?parent=115"}],"curies":[{"name":"wp","href":"https:\/\/api.w.org\/{rel}","templated":true}]}}