{"id":110,"date":"2022-10-17T09:37:50","date_gmt":"2022-10-17T07:37:50","guid":{"rendered":"http:\/\/avoh.sk\/?page_id=110"},"modified":"2024-06-04T20:54:49","modified_gmt":"2024-06-04T18:54:49","slug":"clenovia-referencie","status":"publish","type":"page","link":"https:\/\/avoh.sk\/en\/clenovia-referencie\/","title":{"rendered":"MEMBERS &amp; REFFERENCES"},"content":{"rendered":"<p style=\"text-align: center;\"><span style=\"color: #000000;\"><a style=\"color: #000000;\" href=\"https:\/\/www.rokosan.com\/\"><img loading=\"lazy\" decoding=\"async\" class=\"aligncenter wp-image-32 size-medium\" src=\"http:\/\/avoh.sk\/wp-content\/uploads\/2022\/10\/rokosan-logo-r1-300x116.png\" alt=\"\" width=\"300\" height=\"116\" srcset=\"https:\/\/avoh.sk\/wp-content\/uploads\/2022\/10\/rokosan-logo-r1-300x116.png 300w, https:\/\/avoh.sk\/wp-content\/uploads\/2022\/10\/rokosan-logo-r1-1024x395.png 1024w, https:\/\/avoh.sk\/wp-content\/uploads\/2022\/10\/rokosan-logo-r1-768x297.png 768w, https:\/\/avoh.sk\/wp-content\/uploads\/2022\/10\/rokosan-logo-r1.png 1445w\" sizes=\"auto, (max-width: 300px) 100vw, 300px\" \/><\/a><strong>Spolo\u010dnos\u0165 ROKOSAN s.r.o.<\/strong> deals with the production and development of organic amino acid fertilizers based on animal waste (feathers, wool, horns and hooves). Thanks<strong> to patented recipe<\/strong> Rokosan fertilizers obtain<span class=\"color_11\">\u00ae<\/span> <strong>efficiency of chemical fertilizers<\/strong> by sustaining <strong>organic character\u00a0<\/strong>and <strong>reduction of fertilization costs by more than 30%<\/strong> and ensure a stable supply of macro and micronutrients, amino acids, humic and fulvic acids. The quality of fertilizers is appreciated on more than 30 export markets and confirmed by several accredited certification authorities.<\/span><\/p>\n<\/p>\n<p><span style=\"color: #000000;\"><a style=\"color: #000000;\" href=\"https:\/\/humac.sk\"><img loading=\"lazy\" decoding=\"async\" class=\"aligncenter wp-image-34\" src=\"http:\/\/avoh.sk\/wp-content\/uploads\/2022\/10\/1635244172-humac-logo_rgb.png\" alt=\"\" width=\"110\" height=\"108\" \/><\/a><\/span><\/p>\n<p class=\"font_8 translation-block\" style=\"text-align: center;\"><span style=\"color: #000000\"><span class=\"color_11\"><strong>HUMAC s.r.o.<\/strong> is focused on the development and production of natural products with a high content of activated humic acids. The products are mainly aimed at the recovery of the food chain for the population in the soil - plant - animal - food - human system. P<\/span><span class=\"color_11\">products are<strong> specially developed to reduce the amount of heavy toxic metals and other toxins in the environment<\/strong>, also as a natural stimulator of soil fertility, to retain water in the soil and modification of the soil structure. They are suitable for animals to <strong>detoxify the feed and support their immune system<\/strong>. The humic acids in HUMAC\u00ae brand products come from one of the purest Leonardite deposits in the world. They are 100% organic, without any chemical treatment or chemical additives. <\/strong><\/span><\/span><\/p>\n<p style=\"text-align: center;\" class=\"translation-block\"><span style=\"color: #000000\"><a style=\"color: #000000\" href=\"https:\/\/en.ecorovnak.com\/\" target=\"_self\"><img loading=\"lazy\" class=\"aligncenter wp-image-104\" src=\"http:\/\/avoh.sk\/wp-content\/uploads\/2022\/10\/ecorovnak-logo.bmp\" alt=\"\" width=\"224\" height=\"157\">\n<\/a><strong>ECO ROVNAK s.r.o.<\/strong> is a Slovak producer of products based on chlorine in the field of personal hygiene, household surface disinfection, in industry and healthcare, <strong>plant and crop treatment<\/strong>, treatment water for irrigation and ensuring the biological safety of farm animals. Products of the Agro ECA line represent a simple and safe solution for disease prevention in agriculture, increasing yield, improving plant vitality, reducing plant sensitivity and abiotic stress , <strong>creating a protective barrier against pesticides<\/strong>, eliminating plant burns and reducing losses during subsequent crop storage.<\/span><\/p>\n<\/p>\n<p><span style=\"color: #000000;\"><a style=\"color: #000000;\" href=\"https:\/\/flovenal.sk\/\" target=\"_blank\" rel=\"noopener\"><img loading=\"lazy\" decoding=\"async\" class=\"aligncenter wp-image-105\" src=\"http:\/\/avoh.sk\/wp-content\/uploads\/2022\/10\/flovenal-300x112.jpg\" alt=\"\" width=\"254\" height=\"95\" srcset=\"https:\/\/avoh.sk\/wp-content\/uploads\/2022\/10\/flovenal-300x113.jpg 300w, https:\/\/avoh.sk\/wp-content\/uploads\/2022\/10\/flovenal.jpg 303w\" sizes=\"auto, (max-width: 254px) 100vw, 254px\" \/><\/a><\/span><\/p>\n<p style=\"text-align: center;\" class=\"translation-block\"><span style=\"color: #000000\"><b>The company FLOVENAL s.r.o.<\/b> is a Slovak producer of a <b>unique 100% natural, organic sheep fertilizer<\/b> with a high content of humic acids, a rich content of NPK and other effective components important for soil health. Flovenal products rapidly increase soil fertility by improving its physical, chemical and biological properties. Flovenal positively affects the creation of humus in the soil and thereby increases its fertility, the organic form of nitrogen prevents unwanted over-fertilization, <b>regulates the water regime of plants, <\/b>regeneration for the recovery of decades of soil degraded by the use of chemical preparations and fertilizers.<\/span><\/p>\n<p style=\"text-align: center;\"><span style=\"color: #000000;\"><a href=\"https:\/\/biograda.eu\/\"><img loading=\"lazy\" decoding=\"async\" class=\"alignnone wp-image-273 size-full\" src=\"http:\/\/avoh.sk\/wp-content\/uploads\/2023\/02\/loga_4.png\" alt=\"\" width=\"250\" height=\"148\" srcset=\"https:\/\/avoh.sk\/wp-content\/uploads\/2023\/02\/loga_4.png 250w, https:\/\/avoh.sk\/wp-content\/uploads\/2023\/02\/loga_4-18x12.png 18w\" sizes=\"auto, (max-width: 250px) 100vw, 250px\" \/><\/a><\/span><\/p>\n<p style=\"text-align: center;\"><span style=\"color: #000000;\"><b>The BIOGRADA project<\/b> from company <b>ZDROJE ZEME a.s. company<\/b> deals with processing of biodegradable waste and production of patented EFFECO biochar soil-regenerating and fertilizing substrate.\u00a0 <b>The BIOGRADA solution<\/b> differs significantly from currently available alternatives. It turns waste into value by processing municipal and industrial biodegradable waste, agricultural waste and livestock waste. It is a sustainable solution, the main products of which are a soil-quality improving substrate and green energy. As the only representative from Slovak Republic, this company is a member of the Bio-based Industries Consortium (BIC) and thus participates in the strategic direction of the European bio-industry.<br \/><\/span><\/p>\n<\/p>\n\n<div class=\"wp-block-image\">\n<figure class=\"aligncenter size-full is-resized\"><a href=\"https:\/\/www.bioka.sk\/\"><img loading=\"lazy\" decoding=\"async\" width=\"125\" height=\"88\" src=\"https:\/\/avoh.sk\/wp-content\/uploads\/2022\/10\/bioka-logo.jpg\" alt=\"\" class=\"wp-image-170\" style=\"width:125px;height:88px\"\/><\/a><\/figure>\n<\/div>\n\n\n<p class=\"has-text-align-center has-black-color has-text-color translation-block\"><strong>Company<\/strong> <strong>BIOKA, s.r.o.<\/strong> operates in the field of ecological technologies for plant protection and nutrition. Since its establishment in 2015, the company's activity has been focused on research, development and production of <strong>ecological preparations and fertilizers<\/strong>. Portfolio of Bioka, s.r.o. they consist of products from the field of natural substances and new ecological formulations, which are an <strong>alternative substitute<\/strong> for health-damaging chemical pesticides used to protect plants against pathogens.<\/p>\n\n\n<div class=\"wp-block-image\">\n<figure class=\"aligncenter size-full is-resized\"><a href=\"https:\/\/envivia.eu\/\"><img loading=\"lazy\" decoding=\"async\" width=\"842\" height=\"595\" src=\"https:\/\/avoh.sk\/wp-content\/uploads\/2022\/10\/LOGO-ENVIVIA_001.png\" alt=\"\" class=\"wp-image-173\" style=\"width:192px;height:135px\" srcset=\"https:\/\/avoh.sk\/wp-content\/uploads\/2022\/10\/LOGO-ENVIVIA_001.png 842w, https:\/\/avoh.sk\/wp-content\/uploads\/2022\/10\/LOGO-ENVIVIA_001-300x212.png 300w, https:\/\/avoh.sk\/wp-content\/uploads\/2022\/10\/LOGO-ENVIVIA_001-768x543.png 768w\" sizes=\"auto, (max-width: 842px) 100vw, 842px\" \/><\/a><\/figure>\n<\/div>\n\n\n<p class=\"has-text-align-center has-black-color has-text-color translation-block\">The company ENVIVIA s.r.o. <\/strong>is a Slovak manufacturer of <strong>liquid preparations for plant treatment.<\/strong> They offer a complementary range of preparations for farmers, the common denominator of which is unique quality, high added value for the client and a highly concentrated form.<\/p>\n\n\n\n<p><\/p>\n\n\n<div class=\"wp-block-image\">\n<figure class=\"aligncenter size-full is-resized\"><img loading=\"lazy\" decoding=\"async\" width=\"946\" height=\"246\" src=\"https:\/\/avoh.sk\/wp-content\/uploads\/2022\/10\/button-2.png\" alt=\"\" class=\"wp-image-176\" style=\"width:227px;height:59px\" srcset=\"https:\/\/avoh.sk\/wp-content\/uploads\/2022\/10\/button-2.png 946w, https:\/\/avoh.sk\/wp-content\/uploads\/2022\/10\/button-2-300x78.png 300w, https:\/\/avoh.sk\/wp-content\/uploads\/2022\/10\/button-2-768x200.png 768w\" sizes=\"auto, (max-width: 946px) 100vw, 946px\" \/><\/figure>\n<\/div>\n\n\n<p class=\"has-text-align-center has-black-color has-text-color translation-block\"><strong>The company CERTEX a.s. <\/strong>deals with the production of biocidal preparations, suitable as preservatives and antifungal preparations for farmers. The products support plant protection and have overall beneficial effects for the application of organic fertilizers. The product has an effect as a preservative, antibacterial agent and plant protection against fungi and mold.<\/p>\n\n\n\n<p><\/p>\n\n\n<div class=\"wp-block-image\">\n<figure class=\"aligncenter size-full is-resized\"><a href=\"https:\/\/www.zeocem.com\/sk\/\"><img loading=\"lazy\" decoding=\"async\" width=\"504\" height=\"87\" src=\"https:\/\/avoh.sk\/wp-content\/uploads\/2022\/10\/image002.jpg\" alt=\"\" class=\"wp-image-179\" style=\"width:255px;height:44px\" srcset=\"https:\/\/avoh.sk\/wp-content\/uploads\/2022\/10\/image002.jpg 504w, https:\/\/avoh.sk\/wp-content\/uploads\/2022\/10\/image002-300x52.jpg 300w\" sizes=\"auto, (max-width: 504px) 100vw, 504px\" \/><\/a><\/figure>\n<\/div>\n\n\n<p class=\"has-text-align-center has-black-color has-text-color translation-block\"><strong>The company <strong>Zeocem, a.s. <\/strong><\/strong>is a company with 60 years of experience in processing natural materials. The main production program of the company at the moment is the extraction and processing of <strong>natural zeolite<\/strong> and the production of products based on natural zeolite. Zeocem, a.s. is one of the <strong>most important producers<\/strong> of zeolite products in Europe. Zeolite products improve the physical, <strong>biological and chemical properties of the soil<\/strong>. They are a solution in times of drought, as they retain water and nutrients, demonstrably prevent nitrogen losses and prevent the nitrification process. Foliar application of zeolite acts as a protective agent against UV radiation, diseases, prolongs the effect of bio-pesticides and increases the effect against environmental stress.<\/p>\n\n\n<div class=\"wp-block-image\">\n<figure class=\"aligncenter size-large is-resized\"><a href=\"https:\/\/biotomal.sk\/\"><img loading=\"lazy\" decoding=\"async\" width=\"1024\" height=\"580\" src=\"https:\/\/avoh.sk\/wp-content\/uploads\/2023\/01\/1-Logo-Slogan-SK@1920x-100-1024x580.jpg\" alt=\"\" class=\"wp-image-247\" style=\"width:226px;height:127px\" srcset=\"https:\/\/avoh.sk\/wp-content\/uploads\/2023\/01\/1-Logo-Slogan-SK@1920x-100-1024x580.jpg 1024w, https:\/\/avoh.sk\/wp-content\/uploads\/2023\/01\/1-Logo-Slogan-SK@1920x-100-300x170.jpg 300w, https:\/\/avoh.sk\/wp-content\/uploads\/2023\/01\/1-Logo-Slogan-SK@1920x-100-768x435.jpg 768w, https:\/\/avoh.sk\/wp-content\/uploads\/2023\/01\/1-Logo-Slogan-SK@1920x-100-1536x870.jpg 1536w, https:\/\/avoh.sk\/wp-content\/uploads\/2023\/01\/1-Logo-Slogan-SK@1920x-100-18x10.jpg 18w, https:\/\/avoh.sk\/wp-content\/uploads\/2023\/01\/1-Logo-Slogan-SK@1920x-100.jpg 1920w\" sizes=\"auto, (max-width: 1024px) 100vw, 1024px\" \/><\/a><\/figure>\n<\/div>\n\n\n<p class=\"has-text-align-center has-black-color has-text-color\">Since the beginning of company <strong>bioTomal s.r.o.<\/strong> v&nbsp;roku 1992 je cie\u013eom poskytn\u00fa\u0165 ekologicky a integrovane hospod\u00e1riacim po\u013enohospod\u00e1rom a lesn\u00edkom \u010do najucelenej\u0161iu paletu prostriedkov ochrany a&nbsp;v\u00fd\u017eivy rastl\u00edn. Spolo\u010dnos\u0165 z\u00e1rove\u0148 pon\u00faka modern\u00fa technol\u00f3giu biologickej a biotechnickej ochrany rastl\u00edn aj so \u0161pi\u010dkov\u00fdm informa\u010dn\u00fdm servisom a poradenstvom. Zabezpe\u010duje prostriedky na signaliz\u00e1ciu a&nbsp;monitorovanie &nbsp;v\u00fdskytu chor\u00f4b a&nbsp;\u0161kodcov. Z\u00fa\u010dast\u0148uje &nbsp;sa na v\u00fdskume a&nbsp;v\u00fdvoji nov\u00fdch pr\u00edpravkov a usiluje sa o&nbsp;priebe\u017en\u00e9 roz\u0161irovanie v&nbsp;oblasti registr\u00e1cie nov\u00fdch \u00fa\u010dinn\u00fdch pr\u00edpravkov pre biologick\u00e9 po\u013enohospod\u00e1rstvo.<\/p>\n\n\n\n<p><\/p>\n\n\n<div class=\"wp-block-image\">\n<figure class=\"aligncenter size-large is-resized\"><a href=\"https:\/\/ekolive.eu\/\"><img loading=\"lazy\" decoding=\"async\" width=\"1024\" height=\"504\" src=\"http:\/\/avoh.sk\/wp-content\/uploads\/2023\/05\/ekolivesubtitlesgraphics-1024x504.png\" alt=\"\" class=\"wp-image-282\" style=\"width:160px;height:79px\" srcset=\"https:\/\/avoh.sk\/wp-content\/uploads\/2023\/05\/ekolivesubtitlesgraphics-1024x504.png 1024w, https:\/\/avoh.sk\/wp-content\/uploads\/2023\/05\/ekolivesubtitlesgraphics-300x148.png 300w, https:\/\/avoh.sk\/wp-content\/uploads\/2023\/05\/ekolivesubtitlesgraphics-768x378.png 768w, https:\/\/avoh.sk\/wp-content\/uploads\/2023\/05\/ekolivesubtitlesgraphics-1536x755.png 1536w, https:\/\/avoh.sk\/wp-content\/uploads\/2023\/05\/ekolivesubtitlesgraphics-2048x1007.png 2048w, https:\/\/avoh.sk\/wp-content\/uploads\/2023\/05\/ekolivesubtitlesgraphics-18x9.png 18w, https:\/\/avoh.sk\/wp-content\/uploads\/2023\/05\/ekolivesubtitlesgraphics-600x295.png 600w\" sizes=\"auto, (max-width: 1024px) 100vw, 1024px\" \/><\/a><\/figure>\n<\/div>\n\n\n<p class=\"has-text-align-center has-black-color has-text-color\"><em>C<\/em>ompany <strong>ekolive<\/strong> <strong>s.r.o.<\/strong>&nbsp;je prv\u00fdm a popredn\u00fdm poskytovate\u013eom patentovanej eko-inovat\u00edvnej met\u00f3dy biol\u00fahovania so zelenou garanciou od Eur\u00f3pskej \u00fanie a certifikovanej ETV (<em>InnoBioTech\u00ae<\/em>) na spracovanie odpadu\/miner\u00e1lov\/p\u00f4dy pomocou bakt\u00e9ri\u00ed a produkciu novej gener\u00e1cie unik\u00e1tnych biostimulantov\/biohnoj\u00edv ocenen\u00fdch svetovo-najuzn\u00e1vanej\u0161ou po\u013enohospod\u00e1rskou univerzitou, najv\u00e4\u010d\u0161ou chemickou firmou, VUB Nad\u00e1ciou a Eur\u00f3pskym in\u0161tit\u00fatom pre inov\u00e1cie a technol\u00f3gie EIT Food.&nbsp; Biostimulanty <span style=\"text-decoration:underline;color:#169179\">ekofertile a mikrofertile<\/span> s\u00fa certifikovan\u00e9 pre EU ekologick\u00e9 po\u013enohospod\u00e1rstvo, unik\u00e1tne zlo\u017een\u00edm &#8211; obsahuj\u00fa r\u00f4zne potrebn\u00e9 druhy tr\u00e9novan\u00fdch mikroorganizmov podporuj\u00facich rast rastl\u00edn, mnoh\u00e9 prirodzene produkovan\u00e9 biostimula\u010dn\u00e9 prote\u00edny a organick\u00e9 kyseliny, mikroriasy a tekut\u00e9 miner\u00e1ly rozpusten\u00e9 v procese biol\u00fahovania &#8211; ktor\u00e9 aktivuj\u00fa a v\u00fdrazne zlep\u0161uj\u00fa prirodzen\u00e9 procesy v p\u00f4de a rastlin\u00e1ch (fotosynt\u00e9zu, rast, kvalitu, odolnos\u0165 vo\u010di suchu\/mrazu\/vysok\u00fdm teplot\u00e1m a imunitu vo\u010di r\u00f4znym v\u00edrusom, plesniam a bakteri\u00e1lnym chorob\u00e1m) a vyu\u017eitie hnoj\u00edv<\/p>\n\n\n\n<p><\/p>\n\n\n<div class=\"wp-block-image\">\n<figure class=\"aligncenter size-large is-resized\"><img loading=\"lazy\" decoding=\"async\" width=\"1024\" height=\"131\" src=\"http:\/\/avoh.sk\/wp-content\/uploads\/2024\/06\/Product-Feed-LOGO-Color-EN-02-1024x131.jpeg\" alt=\"\" class=\"wp-image-323\" style=\"width:278px;height:auto\" srcset=\"https:\/\/avoh.sk\/wp-content\/uploads\/2024\/06\/Product-Feed-LOGO-Color-EN-02-1024x131.jpeg 1024w, https:\/\/avoh.sk\/wp-content\/uploads\/2024\/06\/Product-Feed-LOGO-Color-EN-02-300x38.jpeg 300w, https:\/\/avoh.sk\/wp-content\/uploads\/2024\/06\/Product-Feed-LOGO-Color-EN-02-768x98.jpeg 768w, https:\/\/avoh.sk\/wp-content\/uploads\/2024\/06\/Product-Feed-LOGO-Color-EN-02-18x2.jpeg 18w, https:\/\/avoh.sk\/wp-content\/uploads\/2024\/06\/Product-Feed-LOGO-Color-EN-02-600x77.jpeg 600w, https:\/\/avoh.sk\/wp-content\/uploads\/2024\/06\/Product-Feed-LOGO-Color-EN-02.jpeg 1280w\" sizes=\"auto, (max-width: 1024px) 100vw, 1024px\" \/><\/figure>\n<\/div>\n\n\n<p class=\"has-text-align-center has-black-color has-text-color has-link-color wp-elements-12d44b632bc83549ea24b9d35c52e6bd\">Spolo\u010dnos\u0165 Product Feed, a.s. dod\u00e1va chovate\u013eom a pestovate\u013eom pr\u00edrodn\u00e9 produkty a postupy do jednotliv\u00fdch \u010dast\u00ed potravinov\u00e9ho re\u0165azca za \u00fa\u010delom zachovania udr\u017eate\u013en\u00e9ho kolobehu \u017eiv\u00edn v prostred\u00ed pre zdrav\u0161\u00ed kone\u010dn\u00fd produkt na tanieri.<\/p>\n\n\n\n<p><\/p>\n\n\n<div class=\"wp-block-image\">\n<figure class=\"aligncenter size-full is-resized\"><img loading=\"lazy\" decoding=\"async\" width=\"798\" height=\"234\" src=\"https:\/\/avoh.sk\/wp-content\/uploads\/2023\/06\/logo_light.png\" alt=\"\" class=\"wp-image-299\" style=\"width:242px;height:71px\" srcset=\"https:\/\/avoh.sk\/wp-content\/uploads\/2023\/06\/logo_light.png 798w, https:\/\/avoh.sk\/wp-content\/uploads\/2023\/06\/logo_light-300x88.png 300w, https:\/\/avoh.sk\/wp-content\/uploads\/2023\/06\/logo_light-768x225.png 768w, https:\/\/avoh.sk\/wp-content\/uploads\/2023\/06\/logo_light-18x5.png 18w, https:\/\/avoh.sk\/wp-content\/uploads\/2023\/06\/logo_light-600x176.png 600w\" sizes=\"auto, (max-width: 798px) 100vw, 798px\" \/><\/figure>\n<\/div>\n\n\n<p class=\"has-text-align-center has-black-color has-text-color\">UAVIS is a leading provider of complex solutions in the field of unmanned aircraft and intelligent systems. The company is the official partner of the DJI brand in Slovakia and offers the latest technology and accessories of this brand, including MATRICE, AGRAS and MAVIC models suitable for deployment in the field of precision agriculture. However, selling first-class technology is only one piece of the puzzle. The company also provides drone consultancy and training, performs all types of drone aerial work and provides commercial satellite data with very high resolution. It goes without saying that data processing and, in cooperation with the map portal mapsfy.com, also visualizes and combines them with various other data sources for convenient and efficient work.<\/p>\n\n\n\n<p><\/p>\n\n\n<div class=\"wp-block-image\">\n<figure class=\"aligncenter size-full is-resized\"><a href=\"\/en\/vermivital.sk\/\"><img loading=\"lazy\" decoding=\"async\" width=\"676\" height=\"190\" src=\"https:\/\/avoh.sk\/wp-content\/uploads\/2024\/04\/Logo_VermiVital_siroke.png\" alt=\"\" class=\"wp-image-313\" style=\"width:338px;height:auto\" srcset=\"https:\/\/avoh.sk\/wp-content\/uploads\/2024\/04\/Logo_VermiVital_siroke.png 676w, https:\/\/avoh.sk\/wp-content\/uploads\/2024\/04\/Logo_VermiVital_siroke-300x84.png 300w, https:\/\/avoh.sk\/wp-content\/uploads\/2024\/04\/Logo_VermiVital_siroke-18x5.png 18w, https:\/\/avoh.sk\/wp-content\/uploads\/2024\/04\/Logo_VermiVital_siroke-600x169.png 600w\" sizes=\"auto, (max-width: 676px) 100vw, 676px\" \/><\/a><\/figure>\n<\/div>\n\n\n<p class=\"has-text-align-center has-black-color has-text-color has-link-color wp-elements-9f4cd7263db22fd421879292237b2a67\">Spolo\u010dnos\u0165 VermiVital je najv\u00e4\u010d\u0161ia d\u00e1\u017e\u010fovkov\u00e1 farma na Slovensku. V ich are\u00e1li v okrese Ve\u013ek\u00fd Krt\u00ed\u0161 chovaj\u00fa aktu\u00e1lne asi 25&nbsp;000&nbsp;000 d\u00e1\u017e\u010foviek, ktor\u00e9 ro\u010dne skonzumuj\u00fa pribli\u017ene 1000 ton potravy a&nbsp;vyprodukuj\u00fa 500&nbsp;000 litrov vermikompostu. Cie\u013eom spolo\u010dnosti je h\u013eada\u0165 a&nbsp;vytv\u00e1ra\u0165 alernat\u00edvy p\u00f4dnej a&nbsp;rastlinnej v\u00fd\u017eivy, ktor\u00e9 svojim organick\u00fdm p\u00f4vodom a&nbsp;pestovate\u013eskou u\u017eito\u010dnos\u0165ou prispej\u00fa k&nbsp;trvalej udr\u017eate\u013enosti trendov modern\u00e9ho a&nbsp;z\u00e1rove\u0148 zdrav\u00e9ho pestovania. V\u00fdsledkom s\u00fa organicky<br>ve\u013emi hodnotn\u00e9 produkty zalo\u017een\u00e9 na b\u00e1ze vermikompostu, ktor\u00fd obsahuje komplexn\u00e9 spektrum \u017eiv\u00edn, hum\u00ednov\u00fdch l\u00e1tok, aminokysel\u00edn, fytohorm\u00f3nov, enz\u00fdmov a&nbsp;mikroorganizmov. Spolo\u010dnos\u0165 sa chovu d\u00e1\u017e\u010foviek venuje u\u017e viac ako 25 rokov a za jej \u00faspechom stoja sk\u00fasen\u00ed a&nbsp;kvalifikovan\u00ed kolegovia a vlastn\u00e9 v\u00fdskumno-v\u00fdvojov\u00e9 laborat\u00f3rium.<\/p>\n\n\n\n<p><\/p>\n\n\n<div class=\"wp-block-image\">\n<figure class=\"aligncenter size-full is-resized\"><a href=\"\/en\/lasta.sk\/\"><img loading=\"lazy\" decoding=\"async\" width=\"159\" height=\"70\" src=\"https:\/\/avoh.sk\/wp-content\/uploads\/2024\/04\/VVPKTmVhSp7q3VSk.png\" alt=\"\" class=\"wp-image-317\" style=\"width:189px;height:auto\" srcset=\"https:\/\/avoh.sk\/wp-content\/uploads\/2024\/04\/VVPKTmVhSp7q3VSk.png 159w, https:\/\/avoh.sk\/wp-content\/uploads\/2024\/04\/VVPKTmVhSp7q3VSk-18x8.png 18w\" sizes=\"auto, (max-width: 159px) 100vw, 159px\" \/><\/a><\/figure>\n<\/div>\n\n\n<p class=\"has-text-align-center has-black-color has-text-color has-link-color wp-elements-5c1a2cc06fb3efa9764a5c8aa881cdba\">LASTA Corp s.r.o. builds on a long-standing tradition in the field of agriculture and automation. Therefore, in 2017, the founders of the company decided to expand their business activities also in the field of production of top pellet products. The company is dedicated to the processing of farmyard manure and sheep droppings in the form of organic pelleted fertilizers. Organic fertilizer is the main product, but the company is also engaged in the production of pelleted products: bedding, pellets, feed. All products are manufactured using the most modern technology without the use of chemicals and preservatives.<\/p>","protected":false},"excerpt":{"rendered":"<p>Spolo\u010dnos\u0165 ROKOSAN s.r.o. sa zaober\u00e1 v\u00fdrobou a v\u00fdvojom organick\u00fdch aminokyselinov\u00fdch hnoj\u00edv na b\u00e1ze \u017eivo\u010d\u00ed\u0161nych odpadov (perie, vlna, rohy a kopyt\u00e1). V\u010faka unik\u00e1tnej patentovanej recept\u00fare dosahuj\u00fa hnojiv\u00e1 Rokosan\u00ae efektivitu chemick\u00fdch hnoj\u00edv &#8230;<\/p>","protected":false},"author":1,"featured_media":0,"parent":0,"menu_order":0,"comment_status":"closed","ping_status":"closed","template":"","meta":{"two_page_speed":[],"footnotes":""},"class_list":["post-110","page","type-page","status-publish","hentry"],"_links":{"self":[{"href":"https:\/\/avoh.sk\/en\/wp-json\/wp\/v2\/pages\/110","targetHints":{"allow":["GET"]}}],"collection":[{"href":"https:\/\/avoh.sk\/en\/wp-json\/wp\/v2\/pages"}],"about":[{"href":"https:\/\/avoh.sk\/en\/wp-json\/wp\/v2\/types\/page"}],"author":[{"embeddable":true,"href":"https:\/\/avoh.sk\/en\/wp-json\/wp\/v2\/users\/1"}],"replies":[{"embeddable":true,"href":"https:\/\/avoh.sk\/en\/wp-json\/wp\/v2\/comments?post=110"}],"version-history":[{"count":30,"href":"https:\/\/avoh.sk\/en\/wp-json\/wp\/v2\/pages\/110\/revisions"}],"predecessor-version":[{"id":325,"href":"https:\/\/avoh.sk\/en\/wp-json\/wp\/v2\/pages\/110\/revisions\/325"}],"wp:attachment":[{"href":"https:\/\/avoh.sk\/en\/wp-json\/wp\/v2\/media?parent=110"}],"curies":[{"name":"wp","href":"https:\/\/api.w.org\/{rel}","templated":true}]}}